{"id":2105,"date":"2024-03-08T08:15:52","date_gmt":"2024-03-08T14:15:52","guid":{"rendered":"https:\/\/wpbackup1.equimedsv.com\/tour-to-the-beautiful-city-of-mpg_city-in-mpg_country\/"},"modified":"2024-03-08T08:15:52","modified_gmt":"2024-03-08T14:15:52","slug":"tour-to-the-beautiful-city-of-mpg_city-in-mpg_country","status":"publish","type":"page","link":"https:\/\/wpbackup1.equimedsv.com\/en\/tour-to-the-beautiful-city-of-mpg_city-in-mpg_country\/","title":{"rendered":"Tour to the beautiful city of {{mpg_city}} in {{mpg_country}}"},"content":{"rendered":"<p>There are many great cities in the world, but nothing compares to {{mpg_city}}.<br \/>\n<img decoding=\"async\" src=\"http:\/\/loremflickr.com\/320\/240\/{{mpg_city}}\"><\/p>\n<p>It&#8217;s located at {{mpg_lat}} {{mpg_lng}} coordinates with capital {{mpg_capital}}<\/p>\n<p>But there are many other great cities in {{mpg_country}}. Here are the other ones:<br \/>\n<\/p>","protected":false},"excerpt":{"rendered":"<p>There are many great cities in the world, but nothing compares to {{mpg_city}}. It&#8217;s located at {{mpg_lat}} {{mpg_lng}} coordinates with<\/p>","protected":false},"author":1,"featured_media":0,"parent":0,"menu_order":0,"comment_status":"closed","ping_status":"closed","template":"","meta":{"footnotes":""},"class_list":["post-2105","page","type-page","status-publish","hentry"],"yoast_head":"<!-- This site is optimized with the Yoast SEO plugin v26.7 - https:\/\/yoast.com\/wordpress\/plugins\/seo\/ -->\n<title>Tour to the beautiful city of {{mpg_city}} in {{mpg_country}} - Equimed El Salvador<\/title>\n<meta name=\"robots\" content=\"index, follow, max-snippet:-1, max-image-preview:large, max-video-preview:-1\" \/>\n<link rel=\"canonical\" href=\"https:\/\/wpbackup1.equimedsv.com\/en\/tour-to-the-beautiful-city-of-mpg_city-in-mpg_country\/\" \/>\n<meta property=\"og:locale\" content=\"en_US\" \/>\n<meta property=\"og:type\" content=\"article\" \/>\n<meta property=\"og:title\" content=\"Tour to the beautiful city of {{mpg_city}} in {{mpg_country}} - Equimed El Salvador\" \/>\n<meta property=\"og:description\" content=\"There are many great cities in the world, but nothing compares to {{mpg_city}}. It&#8217;s located at {{mpg_lat}} {{mpg_lng}} coordinates with\" \/>\n<meta property=\"og:url\" content=\"https:\/\/wpbackup1.equimedsv.com\/en\/tour-to-the-beautiful-city-of-mpg_city-in-mpg_country\/\" \/>\n<meta property=\"og:site_name\" content=\"Equimed El Salvador\" \/>\n<meta property=\"article:publisher\" content=\"https:\/\/es-la.facebook.com\/Equimedsv\/\" \/>\n<meta property=\"og:image\" content=\"http:\/\/loremflickr.com\/320\/240\/mpg_city\" \/>\n<meta name=\"twitter:card\" content=\"summary_large_image\" \/>\n<meta name=\"twitter:site\" content=\"@equimedsv\" \/>\n<script type=\"application\/ld+json\" class=\"yoast-schema-graph\">{\"@context\":\"https:\/\/schema.org\",\"@graph\":[{\"@type\":\"WebPage\",\"@id\":\"https:\/\/wpbackup1.equimedsv.com\/tour-to-the-beautiful-city-of-mpg_city-in-mpg_country\/\",\"url\":\"https:\/\/wpbackup1.equimedsv.com\/tour-to-the-beautiful-city-of-mpg_city-in-mpg_country\/\",\"name\":\"Tour to the beautiful city of {{mpg_city}} in {{mpg_country}} - Equimed El Salvador\",\"isPartOf\":{\"@id\":\"https:\/\/wpbackup1.equimedsv.com\/#website\"},\"primaryImageOfPage\":{\"@id\":\"https:\/\/wpbackup1.equimedsv.com\/tour-to-the-beautiful-city-of-mpg_city-in-mpg_country\/#primaryimage\"},\"image\":{\"@id\":\"https:\/\/wpbackup1.equimedsv.com\/tour-to-the-beautiful-city-of-mpg_city-in-mpg_country\/#primaryimage\"},\"thumbnailUrl\":\"http:\/\/loremflickr.com\/320\/240\/{{mpg_city}}\",\"datePublished\":\"2024-03-08T14:15:52+00:00\",\"breadcrumb\":{\"@id\":\"https:\/\/wpbackup1.equimedsv.com\/tour-to-the-beautiful-city-of-mpg_city-in-mpg_country\/#breadcrumb\"},\"inLanguage\":\"en-US\",\"potentialAction\":[{\"@type\":\"ReadAction\",\"target\":[\"https:\/\/wpbackup1.equimedsv.com\/tour-to-the-beautiful-city-of-mpg_city-in-mpg_country\/\"]}]},{\"@type\":\"ImageObject\",\"inLanguage\":\"en-US\",\"@id\":\"https:\/\/wpbackup1.equimedsv.com\/tour-to-the-beautiful-city-of-mpg_city-in-mpg_country\/#primaryimage\",\"url\":\"http:\/\/loremflickr.com\/320\/240\/{{mpg_city}}\",\"contentUrl\":\"http:\/\/loremflickr.com\/320\/240\/{{mpg_city}}\"},{\"@type\":\"BreadcrumbList\",\"@id\":\"https:\/\/wpbackup1.equimedsv.com\/tour-to-the-beautiful-city-of-mpg_city-in-mpg_country\/#breadcrumb\",\"itemListElement\":[{\"@type\":\"ListItem\",\"position\":1,\"name\":\"Portada\",\"item\":\"https:\/\/wpbackup1.equimedsv.com\/\"},{\"@type\":\"ListItem\",\"position\":2,\"name\":\"Tour to the beautiful city of {{mpg_city}} in {{mpg_country}}\"}]},{\"@type\":\"WebSite\",\"@id\":\"https:\/\/wpbackup1.equimedsv.com\/#website\",\"url\":\"https:\/\/wpbackup1.equimedsv.com\/\",\"name\":\"Equimed El Salvador\",\"description\":\"Distribuci\u00f3n, Venta y Reparaci\u00f3n de Equipos M\u00e9dicos y Hospitalario\",\"publisher\":{\"@id\":\"https:\/\/wpbackup1.equimedsv.com\/#organization\"},\"potentialAction\":[{\"@type\":\"SearchAction\",\"target\":{\"@type\":\"EntryPoint\",\"urlTemplate\":\"https:\/\/wpbackup1.equimedsv.com\/?s={search_term_string}\"},\"query-input\":{\"@type\":\"PropertyValueSpecification\",\"valueRequired\":true,\"valueName\":\"search_term_string\"}}],\"inLanguage\":\"en-US\"},{\"@type\":\"Organization\",\"@id\":\"https:\/\/wpbackup1.equimedsv.com\/#organization\",\"name\":\"Equimed El Salvador\",\"url\":\"https:\/\/wpbackup1.equimedsv.com\/\",\"logo\":{\"@type\":\"ImageObject\",\"inLanguage\":\"en-US\",\"@id\":\"https:\/\/wpbackup1.equimedsv.com\/#\/schema\/logo\/image\/\",\"url\":\"https:\/\/wpbackup1.equimedsv.com\/wp-content\/uploads\/2021\/10\/Logo-equimed-actual.png\",\"contentUrl\":\"https:\/\/wpbackup1.equimedsv.com\/wp-content\/uploads\/2021\/10\/Logo-equimed-actual.png\",\"width\":3426,\"height\":731,\"caption\":\"Equimed El Salvador\"},\"image\":{\"@id\":\"https:\/\/wpbackup1.equimedsv.com\/#\/schema\/logo\/image\/\"},\"sameAs\":[\"https:\/\/es-la.facebook.com\/Equimedsv\/\",\"https:\/\/x.com\/equimedsv\",\"https:\/\/www.instagram.com\/equimed_sv\/\"]}]}<\/script>\n<!-- \/ Yoast SEO plugin. -->","yoast_head_json":{"title":"Tour to the beautiful city of {{mpg_city}} in {{mpg_country}} - Equimed El Salvador","robots":{"index":"index","follow":"follow","max-snippet":"max-snippet:-1","max-image-preview":"max-image-preview:large","max-video-preview":"max-video-preview:-1"},"canonical":"https:\/\/wpbackup1.equimedsv.com\/en\/tour-to-the-beautiful-city-of-mpg_city-in-mpg_country\/","og_locale":"en_US","og_type":"article","og_title":"Tour to the beautiful city of {{mpg_city}} in {{mpg_country}} - Equimed El Salvador","og_description":"There are many great cities in the world, but nothing compares to {{mpg_city}}. It&#8217;s located at {{mpg_lat}} {{mpg_lng}} coordinates with","og_url":"https:\/\/wpbackup1.equimedsv.com\/en\/tour-to-the-beautiful-city-of-mpg_city-in-mpg_country\/","og_site_name":"Equimed El Salvador","article_publisher":"https:\/\/es-la.facebook.com\/Equimedsv\/","og_image":[{"url":"http:\/\/loremflickr.com\/320\/240\/{{mpg_city}}","type":"","width":"","height":""}],"twitter_card":"summary_large_image","twitter_site":"@equimedsv","schema":{"@context":"https:\/\/schema.org","@graph":[{"@type":"WebPage","@id":"https:\/\/wpbackup1.equimedsv.com\/tour-to-the-beautiful-city-of-mpg_city-in-mpg_country\/","url":"https:\/\/wpbackup1.equimedsv.com\/tour-to-the-beautiful-city-of-mpg_city-in-mpg_country\/","name":"Tour to the beautiful city of {{mpg_city}} in {{mpg_country}} - Equimed El Salvador","isPartOf":{"@id":"https:\/\/wpbackup1.equimedsv.com\/#website"},"primaryImageOfPage":{"@id":"https:\/\/wpbackup1.equimedsv.com\/tour-to-the-beautiful-city-of-mpg_city-in-mpg_country\/#primaryimage"},"image":{"@id":"https:\/\/wpbackup1.equimedsv.com\/tour-to-the-beautiful-city-of-mpg_city-in-mpg_country\/#primaryimage"},"thumbnailUrl":"http:\/\/loremflickr.com\/320\/240\/{{mpg_city}}","datePublished":"2024-03-08T14:15:52+00:00","breadcrumb":{"@id":"https:\/\/wpbackup1.equimedsv.com\/tour-to-the-beautiful-city-of-mpg_city-in-mpg_country\/#breadcrumb"},"inLanguage":"en-US","potentialAction":[{"@type":"ReadAction","target":["https:\/\/wpbackup1.equimedsv.com\/tour-to-the-beautiful-city-of-mpg_city-in-mpg_country\/"]}]},{"@type":"ImageObject","inLanguage":"en-US","@id":"https:\/\/wpbackup1.equimedsv.com\/tour-to-the-beautiful-city-of-mpg_city-in-mpg_country\/#primaryimage","url":"http:\/\/loremflickr.com\/320\/240\/{{mpg_city}}","contentUrl":"http:\/\/loremflickr.com\/320\/240\/{{mpg_city}}"},{"@type":"BreadcrumbList","@id":"https:\/\/wpbackup1.equimedsv.com\/tour-to-the-beautiful-city-of-mpg_city-in-mpg_country\/#breadcrumb","itemListElement":[{"@type":"ListItem","position":1,"name":"Portada","item":"https:\/\/wpbackup1.equimedsv.com\/"},{"@type":"ListItem","position":2,"name":"Tour to the beautiful city of {{mpg_city}} in {{mpg_country}}"}]},{"@type":"WebSite","@id":"https:\/\/wpbackup1.equimedsv.com\/#website","url":"https:\/\/wpbackup1.equimedsv.com\/","name":"Equimed El Salvador","description":"Distribuci\u00f3n, Venta y Reparaci\u00f3n de Equipos M\u00e9dicos y Hospitalario","publisher":{"@id":"https:\/\/wpbackup1.equimedsv.com\/#organization"},"potentialAction":[{"@type":"SearchAction","target":{"@type":"EntryPoint","urlTemplate":"https:\/\/wpbackup1.equimedsv.com\/?s={search_term_string}"},"query-input":{"@type":"PropertyValueSpecification","valueRequired":true,"valueName":"search_term_string"}}],"inLanguage":"en-US"},{"@type":"Organization","@id":"https:\/\/wpbackup1.equimedsv.com\/#organization","name":"Equimed El Salvador","url":"https:\/\/wpbackup1.equimedsv.com\/","logo":{"@type":"ImageObject","inLanguage":"en-US","@id":"https:\/\/wpbackup1.equimedsv.com\/#\/schema\/logo\/image\/","url":"https:\/\/wpbackup1.equimedsv.com\/wp-content\/uploads\/2021\/10\/Logo-equimed-actual.png","contentUrl":"https:\/\/wpbackup1.equimedsv.com\/wp-content\/uploads\/2021\/10\/Logo-equimed-actual.png","width":3426,"height":731,"caption":"Equimed El Salvador"},"image":{"@id":"https:\/\/wpbackup1.equimedsv.com\/#\/schema\/logo\/image\/"},"sameAs":["https:\/\/es-la.facebook.com\/Equimedsv\/","https:\/\/x.com\/equimedsv","https:\/\/www.instagram.com\/equimed_sv\/"]}]}},"jetpack_sharing_enabled":true,"_links":{"self":[{"href":"https:\/\/wpbackup1.equimedsv.com\/en\/wp-json\/wp\/v2\/pages\/2105","targetHints":{"allow":["GET"]}}],"collection":[{"href":"https:\/\/wpbackup1.equimedsv.com\/en\/wp-json\/wp\/v2\/pages"}],"about":[{"href":"https:\/\/wpbackup1.equimedsv.com\/en\/wp-json\/wp\/v2\/types\/page"}],"author":[{"embeddable":true,"href":"https:\/\/wpbackup1.equimedsv.com\/en\/wp-json\/wp\/v2\/users\/1"}],"replies":[{"embeddable":true,"href":"https:\/\/wpbackup1.equimedsv.com\/en\/wp-json\/wp\/v2\/comments?post=2105"}],"version-history":[{"count":1,"href":"https:\/\/wpbackup1.equimedsv.com\/en\/wp-json\/wp\/v2\/pages\/2105\/revisions"}],"predecessor-version":[{"id":2106,"href":"https:\/\/wpbackup1.equimedsv.com\/en\/wp-json\/wp\/v2\/pages\/2105\/revisions\/2106"}],"wp:attachment":[{"href":"https:\/\/wpbackup1.equimedsv.com\/en\/wp-json\/wp\/v2\/media?parent=2105"}],"curies":[{"name":"wp","href":"https:\/\/api.w.org\/{rel}","templated":true}]}}